{"id":7553,"date":"2023-05-12T13:06:22","date_gmt":"2023-05-12T11:06:22","guid":{"rendered":"https:\/\/gcmediacion.com\/declaracio-daccessibilitat\/"},"modified":"2023-07-11T09:55:59","modified_gmt":"2023-07-11T07:55:59","slug":"declaracio-daccessibilitat","status":"publish","type":"page","link":"https:\/\/gcmediacion.com\/ca\/declaracio-daccessibilitat\/","title":{"rendered":"Declaraci\u00f3 d&#8217;accessibilitat"},"content":{"rendered":"\t\t<div data-elementor-type=\"wp-page\" data-elementor-id=\"7553\" class=\"elementor elementor-7553 elementor-24\" data-elementor-post-type=\"page\">\n\t\t\t\t<div class=\"elementor-element elementor-element-ad2cbbe e-flex e-con-boxed e-con e-parent\" data-id=\"ad2cbbe\" data-element_type=\"container\" data-e-type=\"container\">\n\t\t\t\t\t<div class=\"e-con-inner\">\n\t\t\t\t<div class=\"elementor-element elementor-element-4281999 elementor-widget elementor-widget-heading\" data-id=\"4281999\" data-element_type=\"widget\" data-e-type=\"widget\" data-widget_type=\"heading.default\">\n\t\t\t\t<div class=\"elementor-widget-container\">\n\t\t\t\t\t<h1 class=\"elementor-heading-title elementor-size-default\">Declaraci\u00f3 d'accessibilitat<\/h1>\t\t\t\t<\/div>\n\t\t\t\t<\/div>\n\t\t\t\t\t<\/div>\n\t\t\t\t<\/div>\n\t\t<div class=\"elementor-element elementor-element-ed95dbe e-flex e-con-boxed e-con e-parent\" data-id=\"ed95dbe\" data-element_type=\"container\" data-e-type=\"container\">\n\t\t\t\t\t<div class=\"e-con-inner\">\n\t\t<div class=\"elementor-element elementor-element-19409a1 e-con-full e-flex e-con e-child\" data-id=\"19409a1\" data-element_type=\"container\" data-e-type=\"container\">\n\t\t\t\t<div class=\"elementor-element elementor-element-28698be elementor-widget elementor-widget-text-editor\" data-id=\"28698be\" data-element_type=\"widget\" data-e-type=\"widget\" data-widget_type=\"text-editor.default\">\n\t\t\t\t<div class=\"elementor-widget-container\">\n\t\t\t\t\t\t\t\t\t<p>GC Mediaci\u00f3 s&#8217;ha comprom\u00e8s a fer accessibles els seus llocs web de conformitat amb el <a title=\"Web del Butllet\u00ed Oficial de l&#039;Estat : Obre nova finestra\" href=\"https:\/\/www.boe.es\/buscar\/act.php?id=BOE-A-2018-12699\" target=\"_blank\" rel=\"nofollow noopener\">Reial decret 1112\/2018, de 7 de setembre<\/a><img decoding=\"async\" src=\"https:\/\/www.hacienda.gob.es\/Style%20Library\/MINHAC.SP.Portal\/img\/popup.gif\" alt=\"Obre nova finestra\" title=\"\"> , sobre accessibilitat dels llocs web i aplicacions per a dispositius m\u00f2bils del sector p\u00fablic (d&#8217;ara endavant, Reial Decret 1112\/2018, de 7 de setembre).<\/p>\n<p>Aquesta declaraci\u00f3 d&#8217;accessibilitat s&#8217;aplica al lloc web <a href=\"https:\/\/gcmediacion.com\/ca\/\">https:\/\/gcmediacion.com<\/a><\/p>\n<p><strong>Situaci\u00f3 de compliment<\/strong><\/p>\n<p>Aquest lloc web \u00e9s <strong>parcialment conforme<\/strong> amb el Reial decret 1112\/2018, de 7 de setembre, degut a la manca de conformitat dels aspectes que s&#8217;indiquen a continuaci\u00f3.<\/p>\n<p><strong>Contingut no accessible<\/strong><\/p>\n<p>El contingut que es recull a continuaci\u00f3 no \u00e9s accessible pel seg\u00fcent:<\/p>\n<ol>\n<li><strong>Manca de conformitat amb el Reial Decret 1112\/2018, de 7 de setembre<\/strong>: podrien existir errors puntuals d&#8217;edici\u00f3 en alguna p\u00e0gina web, tant en continguts HTML com en documents finals, publicats en data posterior al 20 de setembre de 2018 (data d&#8217;entrada en vigor del Reial decret 1112\/2018, de 7 de setembre). Concretament pot haver-hi errors en aquells documents que contenen gr\u00e0fics, taules complexes o en aquells signats electr\u00f2nicament abans de la revisi\u00f3 d&#8217;accessibilitat.<\/li>\n<li><strong>C\u00e0rrega desproporcionada<\/strong> : no aplica.<\/li>\n<li>El contingut  <strong>no entra dins l&#8217;\u00e0mbit de la legislaci\u00f3  <\/strong>aplicable: Hi ha arxius ofim\u00e0tics en PDF o altres formats publicats abans del 20 de setembre de 2018 que no compleixen totalment tots els requisits d&#8217;accessibilitat; tamb\u00e9 poden estar en aquesta situaci\u00f3 continguts de tercers no finan\u00e7ats, ni desenvolupats, ni sota el control del Ministeri.<\/li>\n<\/ol>\n<p><strong>Preparaci\u00f3 d&#8217;aquesta declaraci\u00f3 d&#8217;accessibilitat<\/strong><\/p>\n<p>Aquesta declaraci\u00f3 va ser preparada el 18 de maig de 2023.<\/p>\n<p>El m\u00e8tode emprat per preparar la declaraci\u00f3 ha estat una autoavaluaci\u00f3 duta a terme per l&#8217;encarregat del disseny i la posada en marxa de la web.<\/p>\n<p>\u00daltima revisi\u00f3 de la declaraci\u00f3: 11 de juny de 2023.<\/p>\n<p><strong>Observacions i dades de contacte<\/strong><\/p>\n<p>Podeu realitzar comunicacions sobre requisits d&#8217;accessibilitat (article 10.2.a) del Reial decret 1112\/2018, de 7 de setembre) com, per exemple:<\/p>\n<ul>\n<li>Informar sobre qualsevol possible incompliment per part daquest lloc web.<\/li>\n<li>Transmetre altres dificultats dacc\u00e9s al contingut.<\/li>\n<li>Formular qualsevol altra consulta o suggeriment de millora relativa a laccessibilitat del lloc web.<\/li>\n<\/ul>\n<p>A trav\u00e9s de les vies seg\u00fcents:<\/p>\n<ul>\n<li>Correu electr\u00f2nic: gloria @ gcmediacion.com<\/li>\n<li>Tel\u00e8fons: 679 06 82 30<\/li>\n<\/ul>\n<p>Les comunicacions seran rebudes i tractades pels responsables dels continguts daquest lloc web.<\/p>\n<p>Tamb\u00e9 podeu sol\u00b7licitar en format accessible informaci\u00f3 que no compleixi amb els requisits d&#8217;accessibilitat b\u00e9 per estar exclosa, b\u00e9 per estar exempta per c\u00e0rrega desproporcionada; o formular una queixa per incompliment dels requisits daccessibilitat. Enlla\u00e7 al <a title=\"obre SEU electr\u00f2nica : Obre nova finestra\" href=\"https:\/\/sedeminhap.gob.es\/es-ES\/Organos\/SecretariaGeneralTecnica\/Procedimientos\/Paginas\/Default.aspx?IdProcedimiento=1770&amp;p=3\" target=\"_blank\" rel=\"nofollow noopener\">procediment de sol\u00b7licitud d&#8217;informaci\u00f3 accessible i queixes<\/a><img decoding=\"async\" src=\"https:\/\/www.hacienda.gob.es\/Style%20Library\/MINHAC.SP.Portal\/img\/popup.gif\" alt=\"Obre nova finestra\" title=\"\"> de l&#8217;article 12 del Reial decret 1112\/2018, de 7 de setembre.<\/p>\n<p><strong>Procediment d&#8217;aplicaci\u00f3<\/strong><\/p>\n<p>A trav\u00e9s d&#8217;aquest procediment podreu iniciar una reclamaci\u00f3 per con\u00e8ixer i oposar-vos als motius de la desestimaci\u00f3 d&#8217;una sol\u00b7licitud d&#8217;informaci\u00f3 accessible o queixa, instar l&#8217;adopci\u00f3 de les mesures oportunes en cas de no estar d&#8217;acord amb la decisi\u00f3 adoptada, o exposar les raons per les quals es considera que la resposta no compleix els requisits exigits.<\/p>\n<p>Enlla\u00e7 al <a title=\"obre seu lectr\u00f3nica : Obre nova finestra\" href=\"https:\/\/sedeminhap.gob.es\/es-ES\/Organos\/SecretariaGeneralTecnica\/Procedimientos\/Paginas\/Default.aspx?IdProcedimiento=1771&amp;p=2\" target=\"_blank\" rel=\"nofollow noopener\">procediment de reclamaci\u00f3<\/a><img decoding=\"async\" src=\"https:\/\/www.hacienda.gob.es\/Style%20Library\/MINHAC.SP.Portal\/img\/popup.gif\" alt=\"Obre nova finestra\" title=\"\"> , que ha d&#8217;adre\u00e7ar a la Unitat responsable d&#8217;accessibilitat d&#8217;aquest Ministeri, o si la reclamaci\u00f3 \u00e9s per una actuaci\u00f3 de la Unitat esmentada, al superior jer\u00e0rquic d&#8217;aquesta Ministeri.<\/p>\n<p><strong>Contingut opcional<\/strong><\/p>\n<p>La versi\u00f3 actualment visible d&#8217;aquest lloc web \u00e9s d&#8217;abril del 2023 i en aquesta data es va fer la revisi\u00f3 del nivell d&#8217;accessibilitat vigent en aquell moment.<\/p>\n<p>A partir de la data esmentada es duen a terme revisions parcials di\u00e0ries del contingut web nou o modificat, tant de les plantilles com de les p\u00e0gines i documents finals publicats, a fi d&#8217;assegurar el compliment dels requeriments d&#8217;accessibilitat de la Norma UNE-EN 301549 :2019, considerant les excepcions del Reial decret 1112\/2018, de 7 de setembre.<\/p>\n<p>Entre altres, s&#8217;adopten les mesures seg\u00fcents per facilitar l&#8217;accessibilitat:<\/p>\n<ul>\n<li>Utilitzaci\u00f3 de text alternatiu a les imatges<\/li>\n<li>Els enlla\u00e7os ofereixen detalls de la funci\u00f3 o destinaci\u00f3 de l&#8217;hiperenlla\u00e7<\/li>\n<li>\u00das dels est\u00e0ndards del W3C: XHTML 1.0, CSS 3.0, WAI AA.<\/li>\n<\/ul>\n<p>Podeu consultar a la p\u00e0gina d&#8217; <a title=\"Acc\u00e9s a l&#039;av\u00eds legal : Obre nova finestra\" href=\"https:\/\/gcmediacion.com\/ca\/avis-legal\/\" target=\"_blank\" rel=\"nofollow noopener\">Av\u00eds Legal<\/a><img decoding=\"async\" src=\"https:\/\/www.hacienda.gob.es\/Style%20Library\/MINHAC.SP.Portal\/img\/popup.gif\" alt=\"Obre nova finestra\" title=\"\"> per a quins navegadors i versions est\u00e0 optimitzat aquest lloc web.<\/p>\n\t\t\t\t\t\t\t\t<\/div>\n\t\t\t\t<\/div>\n\t\t\t\t<\/div>\n\t\t\t\t\t<\/div>\n\t\t\t\t<\/div>\n\t\t\t\t<\/div>\n\t\t","protected":false},"excerpt":{"rendered":"<p>Declaraci\u00f3 d&#8217;accessibilitat GC Mediaci\u00f3 s&#8217;ha comprom\u00e8s a fer accessibles els seus llocs web de conformitat amb el Reial decret 1112\/2018, de 7 de setembre , sobre accessibilitat dels llocs web i aplicacions per a dispositius m\u00f2bils del sector p\u00fablic (d&#8217;ara endavant, Reial Decret 1112\/2018, de 7 de setembre). Aquesta declaraci\u00f3 d&#8217;accessibilitat s&#8217;aplica al lloc web &#8230; <a title=\"Declaraci\u00f3 d&#8217;accessibilitat\" class=\"read-more\" href=\"https:\/\/gcmediacion.com\/ca\/declaracio-daccessibilitat\/\" aria-label=\"M\u00e9s informaci\u00f3 sobre Declaraci\u00f3 d&#8217;accessibilitat\">Read more<\/a><\/p>\n","protected":false},"author":1,"featured_media":0,"parent":0,"menu_order":0,"comment_status":"closed","ping_status":"closed","template":"","meta":{"footnotes":""},"class_list":["post-7553","page","type-page","status-publish"],"_links":{"self":[{"href":"https:\/\/gcmediacion.com\/ca\/wp-json\/wp\/v2\/pages\/7553","targetHints":{"allow":["GET"]}}],"collection":[{"href":"https:\/\/gcmediacion.com\/ca\/wp-json\/wp\/v2\/pages"}],"about":[{"href":"https:\/\/gcmediacion.com\/ca\/wp-json\/wp\/v2\/types\/page"}],"author":[{"embeddable":true,"href":"https:\/\/gcmediacion.com\/ca\/wp-json\/wp\/v2\/users\/1"}],"replies":[{"embeddable":true,"href":"https:\/\/gcmediacion.com\/ca\/wp-json\/wp\/v2\/comments?post=7553"}],"version-history":[{"count":0,"href":"https:\/\/gcmediacion.com\/ca\/wp-json\/wp\/v2\/pages\/7553\/revisions"}],"wp:attachment":[{"href":"https:\/\/gcmediacion.com\/ca\/wp-json\/wp\/v2\/media?parent=7553"}],"curies":[{"name":"wp","href":"https:\/\/api.w.org\/{rel}","templated":true}]}}