{"id":7551,"date":"2023-05-12T18:44:19","date_gmt":"2023-05-12T16:44:19","guid":{"rendered":"https:\/\/gcmediacion.com\/qui-soc\/"},"modified":"2025-10-17T10:33:51","modified_gmt":"2025-10-17T08:33:51","slug":"qui-soc","status":"publish","type":"page","link":"https:\/\/gcmediacion.com\/ca\/qui-soc\/","title":{"rendered":"Gl\u00f2ria Coll"},"content":{"rendered":"\t\t<div data-elementor-type=\"wp-page\" data-elementor-id=\"7551\" class=\"elementor elementor-7551 elementor-96\" data-elementor-post-type=\"page\">\n\t\t\t\t<div class=\"elementor-element elementor-element-377ca78 e-flex e-con-boxed e-con e-parent\" data-id=\"377ca78\" data-element_type=\"container\" data-e-type=\"container\">\n\t\t\t\t\t<div class=\"e-con-inner\">\n\t\t<div class=\"elementor-element elementor-element-4165bb2 e-con-full e-flex elementor-invisible e-con e-child\" data-id=\"4165bb2\" data-element_type=\"container\" data-e-type=\"container\" data-settings=\"{&quot;background_background&quot;:&quot;classic&quot;,&quot;animation&quot;:&quot;zoomIn&quot;}\">\n\t\t\t\t<\/div>\n\t\t<div class=\"elementor-element elementor-element-bf82210 e-con-full e-flex e-con e-child\" data-id=\"bf82210\" data-element_type=\"container\" data-e-type=\"container\" data-settings=\"{&quot;background_background&quot;:&quot;classic&quot;}\">\n\t\t\t\t<div class=\"elementor-element elementor-element-e67cd5d elementor-widget elementor-widget-heading\" data-id=\"e67cd5d\" data-element_type=\"widget\" data-e-type=\"widget\" data-widget_type=\"heading.default\">\n\t\t\t\t<div class=\"elementor-widget-container\">\n\t\t\t\t\t<p class=\"elementor-heading-title elementor-size-default\">Qui s\u00f3c?<\/p>\t\t\t\t<\/div>\n\t\t\t\t<\/div>\n\t\t\t\t<div class=\"elementor-element elementor-element-936c828 elementor-widget elementor-widget-heading\" data-id=\"936c828\" data-element_type=\"widget\" data-e-type=\"widget\" data-widget_type=\"heading.default\">\n\t\t\t\t<div class=\"elementor-widget-container\">\n\t\t\t\t\t<h1 class=\"elementor-heading-title elementor-size-default\">Gl\u00f2ria Coll, mediadora de conflictes<\/h1>\t\t\t\t<\/div>\n\t\t\t\t<\/div>\n\t\t\t\t<\/div>\n\t\t\t\t\t<\/div>\n\t\t\t\t<\/div>\n\t\t<div class=\"elementor-element elementor-element-5f4b915 e-flex e-con-boxed e-con e-parent\" data-id=\"5f4b915\" data-element_type=\"container\" data-e-type=\"container\" data-settings=\"{&quot;background_background&quot;:&quot;classic&quot;}\">\n\t\t\t\t\t<div class=\"e-con-inner\">\n\t\t\t\t<div class=\"elementor-element elementor-element-40dd8a8 elementor-widget elementor-widget-heading\" data-id=\"40dd8a8\" data-element_type=\"widget\" data-e-type=\"widget\" data-widget_type=\"heading.default\">\n\t\t\t\t<div class=\"elementor-widget-container\">\n\t\t\t\t\t<h2 class=\"elementor-heading-title elementor-size-default\">\u201cNo sabia que aix\u00f2 existia!\u201d<\/h2>\t\t\t\t<\/div>\n\t\t\t\t<\/div>\n\t\t\t\t<div class=\"elementor-element elementor-element-b8b14d9 elementor-widget elementor-widget-text-editor\" data-id=\"b8b14d9\" data-element_type=\"widget\" data-e-type=\"widget\" data-widget_type=\"text-editor.default\">\n\t\t\t\t<div class=\"elementor-widget-container\">\n\t\t\t\t\t\t\t\t\t<p style=\"text-align: center;\">S\u00f3c la Gl\u00f2ria. I, en general, quan explico a qu\u00e8 em dedico em responen alguna cosa com: \u201cVaja, no sabia que aix\u00f2 existia!\u201d<\/p><p style=\"text-align: center;\">Em dedico a gestionar conflictes. Com separacions, equips que no funcionen o alumnes que no poden conviure. Buscant sempre el benefici a llarg termini i reduint les conseq\u00fc\u00e8ncies temporals, emocionals i econ\u00f2miques dels conflictes.<\/p><p style=\"text-align: center;\">Tamb\u00e9 acompanyo perqu\u00e8 els puguin gestionar per si mateixos, guanyant seguretat i confian\u00e7a. <\/p><p style=\"text-align: center;\">El que em motiva \u00e9s aplicar la cultura de la pau de manera pr\u00e0ctica, efectiva i activa. Perqu\u00e8 la pau \u00e9s seguretat, benestar i espai per al progr\u00e9s. Tant per a fam\u00edlies, empreses, com a centres educatius.<\/p><p style=\"text-align: center;\">Per aix\u00f2 m&#8217;he format de manera transversal en: mediaci\u00f3 i negociaci\u00f3, dret, ling\u00fc\u00edstica, psicologia i neuroci\u00e8ncia. A m\u00e9s a m\u00e9s de tenir una formaci\u00f3 de base en societat, economia, pol\u00edtica, relacions internacionals i traducci\u00f3.<\/p><p style=\"text-align: center;\">He treballat com a mediadora en els \u00e0mbits p\u00fablic i privat. Estant registrada a la llista de mediadors del Departament de Just\u00edcia de Catalunya, del Ministeri de Just\u00edcia i del Consell de Cambres de Catalunya.<\/p><p style=\"text-align: center;\">Sempre dic que tant de bo arribi el moment en qu\u00e8 m&#8217;hagi de reinventar perqu\u00e8 la meva feina hagi deixat de fer falta.<\/p><p style=\"text-align: center;\">Mentrestant, aqu\u00ed estic. T&#8217;escolto i t&#8217;acompanyo.<\/p>\t\t\t\t\t\t\t\t<\/div>\n\t\t\t\t<\/div>\n\t\t\t\t\t<\/div>\n\t\t\t\t<\/div>\n\t\t<div class=\"elementor-element elementor-element-c3daa63 e-flex e-con-boxed e-con e-parent\" data-id=\"c3daa63\" data-element_type=\"container\" data-e-type=\"container\" data-settings=\"{&quot;background_background&quot;:&quot;classic&quot;}\">\n\t\t\t\t\t<div class=\"e-con-inner\">\n\t\t\t\t<div class=\"elementor-element elementor-element-ad4faa0 elementor-widget elementor-widget-heading\" data-id=\"ad4faa0\" data-element_type=\"widget\" data-e-type=\"widget\" data-widget_type=\"heading.default\">\n\t\t\t\t<div class=\"elementor-widget-container\">\n\t\t\t\t\t<p class=\"elementor-heading-title elementor-size-default\">Per avan\u00e7ar, cal un primer pas\n<\/p>\t\t\t\t<\/div>\n\t\t\t\t<\/div>\n\t\t\t\t<div class=\"elementor-element elementor-element-889002a elementor-widget elementor-widget-heading\" data-id=\"889002a\" data-element_type=\"widget\" data-e-type=\"widget\" data-widget_type=\"heading.default\">\n\t\t\t\t<div class=\"elementor-widget-container\">\n\t\t\t\t\t<h2 class=\"elementor-heading-title elementor-size-default\">Comencem a afrontar el conflicte?<\/h2>\t\t\t\t<\/div>\n\t\t\t\t<\/div>\n\t\t\t\t<div class=\"elementor-element elementor-element-e2e86d6 elementor-widget elementor-widget-text-editor\" data-id=\"e2e86d6\" data-element_type=\"widget\" data-e-type=\"widget\" data-widget_type=\"text-editor.default\">\n\t\t\t\t<div class=\"elementor-widget-container\">\n\t\t\t\t\t\t\t\t\t<p>Cada acci\u00f3 o canvi d&#8217;intenci\u00f3 compta. Aqu\u00ed \u00e9s on podr\u00e0s decidir el teu futur. Reserva una cita o posa&#8217;t en contacte amb nosaltres.<\/p>\t\t\t\t\t\t\t\t<\/div>\n\t\t\t\t<\/div>\n\t\t\t\t<div class=\"elementor-element elementor-element-46fe22b elementor-widget elementor-widget-button\" data-id=\"46fe22b\" data-element_type=\"widget\" data-e-type=\"widget\" data-widget_type=\"button.default\">\n\t\t\t\t<div class=\"elementor-widget-container\">\n\t\t\t\t\t\t\t\t\t<div class=\"elementor-button-wrapper\">\n\t\t\t\t\t<a class=\"elementor-button elementor-button-link elementor-size-sm\" href=\"https:\/\/outlook.office.com\/book\/GCmediaci@gcmediacion.com\/?ismsaljsauthenabled\" target=\"_blank\" rel=\"nofollow\">\n\t\t\t\t\t\t<span class=\"elementor-button-content-wrapper\">\n\t\t\t\t\t\t\t\t\t<span class=\"elementor-button-text\">Reserva sessi\u00f3<\/span>\n\t\t\t\t\t<\/span>\n\t\t\t\t\t<\/a>\n\t\t\t\t<\/div>\n\t\t\t\t\t\t\t\t<\/div>\n\t\t\t\t<\/div>\n\t\t\t\t\t<\/div>\n\t\t\t\t<\/div>\n\t\t\t\t<\/div>\n\t\t","protected":false},"excerpt":{"rendered":"<p>Qui s\u00f3c? Gl\u00f2ria Coll, mediadora de conflictes \u201cNo sabia que aix\u00f2 existia!\u201d S\u00f3c la Gl\u00f2ria. I, en general, quan explico a qu\u00e8 em dedico em responen alguna cosa com: \u201cVaja, no sabia que aix\u00f2 existia!\u201d Em dedico a gestionar conflictes. Com separacions, equips que no funcionen o alumnes que no poden conviure. Buscant sempre el &#8230; <a title=\"Gl\u00f2ria Coll\" class=\"read-more\" href=\"https:\/\/gcmediacion.com\/ca\/qui-soc\/\" aria-label=\"M\u00e9s informaci\u00f3 sobre Gl\u00f2ria Coll\">Read more<\/a><\/p>\n","protected":false},"author":1,"featured_media":0,"parent":0,"menu_order":0,"comment_status":"closed","ping_status":"closed","template":"","meta":{"footnotes":""},"class_list":["post-7551","page","type-page","status-publish"],"_links":{"self":[{"href":"https:\/\/gcmediacion.com\/ca\/wp-json\/wp\/v2\/pages\/7551","targetHints":{"allow":["GET"]}}],"collection":[{"href":"https:\/\/gcmediacion.com\/ca\/wp-json\/wp\/v2\/pages"}],"about":[{"href":"https:\/\/gcmediacion.com\/ca\/wp-json\/wp\/v2\/types\/page"}],"author":[{"embeddable":true,"href":"https:\/\/gcmediacion.com\/ca\/wp-json\/wp\/v2\/users\/1"}],"replies":[{"embeddable":true,"href":"https:\/\/gcmediacion.com\/ca\/wp-json\/wp\/v2\/comments?post=7551"}],"version-history":[{"count":0,"href":"https:\/\/gcmediacion.com\/ca\/wp-json\/wp\/v2\/pages\/7551\/revisions"}],"wp:attachment":[{"href":"https:\/\/gcmediacion.com\/ca\/wp-json\/wp\/v2\/media?parent=7551"}],"curies":[{"name":"wp","href":"https:\/\/api.w.org\/{rel}","templated":true}]}}